{"id":13056,"date":"2024-04-15T22:50:51","date_gmt":"2024-04-15T20:50:51","guid":{"rendered":"https:\/\/www.plaiaundi.eus\/zikloak\/administrazio-eta-kudeaketa\/em-administrazio-kudeaketa\/"},"modified":"2025-10-14T10:08:00","modified_gmt":"2025-10-14T08:08:00","slug":"gs-administracion-y-finanzas","status":"publish","type":"page","link":"https:\/\/www.plaiaundi.eus\/es\/ciclos\/administracion-y-gestion\/gs-administracion-y-finanzas\/","title":{"rendered":"GS \u2013 Administraci\u00f3n y Finanzas"},"content":{"rendered":"\n<div class=\"wp-block-cover alignfull is-light\" style=\"min-height:700px;aspect-ratio:unset;\"><span aria-hidden=\"true\" class=\"wp-block-cover__background has-background-dim-0 has-background-dim\" style=\"background-color:#9a9593\"><\/span><img fetchpriority=\"high\" decoding=\"async\" width=\"1500\" height=\"843\" src=\"https:\/\/www.plaiaundi.eus\/wp-content\/uploads\/2023\/11\/Administracion-Y-Finanzas2.webp\" class=\"wp-block-cover__image-background wp-post-image\" alt=\"\" data-object-fit=\"cover\" data-object-position=\"50% 36%\" style=\"object-position:50% 36%;\" srcset=\"https:\/\/www.plaiaundi.eus\/wp-content\/uploads\/2023\/11\/Administracion-Y-Finanzas2.webp 1500w, https:\/\/www.plaiaundi.eus\/wp-content\/uploads\/2023\/11\/Administracion-Y-Finanzas2-300x169.webp 300w, https:\/\/www.plaiaundi.eus\/wp-content\/uploads\/2023\/11\/Administracion-Y-Finanzas2-1024x575.webp 1024w, https:\/\/www.plaiaundi.eus\/wp-content\/uploads\/2023\/11\/Administracion-Y-Finanzas2-768x432.webp 768w\" sizes=\"(max-width: 1500px) 100vw, 1500px\" \/><div class=\"wp-block-cover__inner-container is-layout-constrained wp-block-cover-is-layout-constrained\">\n<p class=\"has-text-align-center has-large-font-size\"><\/p>\n<\/div><\/div>\n\n\n\n<div class=\"wp-block-cover alignfull is-light\" style=\"min-height:600px;aspect-ratio:unset;\"><span aria-hidden=\"true\" class=\"wp-block-cover__background has-background-dim-0 has-background-dim\"><\/span><div class=\"wp-block-cover__inner-container is-layout-constrained wp-block-cover-is-layout-constrained\">\n<div class=\"wp-block-uagb-container uagb-block-9f56a493 default uagb-is-root-container\">\n<div class=\"wp-block-uagb-advanced-heading uagb-block-40edbbea\"><h2 class=\"uagb-heading-text\">GS \u2013 Administraci\u00f3n y Finanzas<\/h2><div class=\"uagb-separator\"><\/div><\/div>\n\n\n\n<div class=\"wp-block-uagb-container uagb-block-d7382bd3\">\n<div class=\"wp-block-uagb-advanced-heading uagb-block-1f5845de\"><h6 class=\"uagb-heading-text\">MODELO A y D<\/h6><\/div>\n\n\n\n<div class=\"wp-block-uagb-advanced-heading uagb-block-8a052343\"><h6 class=\"uagb-heading-text\">FP DUAL<\/h6><\/div>\n\n\n\n<div class=\"wp-block-uagb-advanced-heading uagb-block-447c0033\"><h6 class=\"uagb-heading-text\">EMPRESA SIMULADA<\/h6><\/div>\n\n\n\n<div class=\"wp-block-uagb-advanced-heading uagb-block-98ed50ef\"><h6 class=\"uagb-heading-text\">ETHAZI<\/h6><\/div>\n\n\n\n<div class=\"wp-block-uagb-advanced-heading uagb-block-dd4c83f6\"><h6 class=\"uagb-heading-text\"><a href=\"https:\/\/www.plaiaundi.eus\/es\/requisitos-acceso-fp\/\" target=\"_blank\" rel=\"noreferrer noopener\"><\/a><a href=\"https:\/\/www.plaiaundi.eus\/es\/requisitos-acceso-fp\/\" target=\"_blank\" rel=\"noreferrer noopener\">REQUISITOS ACAD\u00c9MICOS &#8211; V\u00cdAS DE ACCESO<\/a><\/h6><\/div>\n\n\n\n<figure class=\"wp-block-image aligncenter size-full is-resized\"><a href=\"https:\/\/drive.google.com\/file\/d\/1lCMb5ZgDIJGz1FSH5Xss5dAAsJBgBHhr\/view?usp=sharing\" target=\"_blank\" rel=\"noreferrer noopener\"><img decoding=\"async\" width=\"95\" height=\"98\" src=\"https:\/\/www.plaiaundi.eus\/wp-content\/uploads\/2024\/02\/iconoTrip-1.png\" alt=\"Triptikoa\" class=\"wp-image-11642\" style=\"aspect-ratio:0.8888888888888888;object-fit:contain;width:auto;height:40px\"\/><\/a><\/figure>\n\n\n      \n\t\t\t<div class=\"uagb-icon-wrapper uagb-block-34957444  wp-block-uagb-icon--has-margin    \"\n\t\t\tstyle=\"\" >\n\t\t\t\t\t\t\t\t<div class='uagb-icon-margin-wrapper'>\n\t\t\t\t\t\t\t\t\t<span class=\"uagb-svg-wrapper\" \n\t\t\t\t\t aria-label=\"circle-info\"\t\t\t\t\ttabindex=\"0\">\t\t\n\t\t\t\t\t\t\t\t\t\t<a rel=\"noopener noreferrer\" href=\"https:\/\/ivac-eei.eus\/es\/familias-profesionales\/administracion-y-gestion-adg\/ciclos-formativos\/tecnico-superior-en-administracion-y-finanzas.html\" target=\"_blank\"><svg xmlns=\"https:\/\/www.w3.org\/2000\/svg\" viewBox= \"0 0 512 512\" role=\"graphics-symbol\" aria-hidden=\"false\" aria-label=\"\"><path d=\"M256 0C114.6 0 0 114.6 0 256s114.6 256 256 256s256-114.6 256-256S397.4 0 256 0zM256 128c17.67 0 32 14.33 32 32c0 17.67-14.33 32-32 32S224 177.7 224 160C224 142.3 238.3 128 256 128zM296 384h-80C202.8 384 192 373.3 192 360s10.75-24 24-24h16v-64H224c-13.25 0-24-10.75-24-24S210.8 224 224 224h32c13.25 0 24 10.75 24 24v88h16c13.25 0 24 10.75 24 24S309.3 384 296 384z\"><\/path><\/svg><\/a>\n\t\t\t\t\t\t\t\t\t<\/span>\n\t\t\t\t\t\t\t\t<\/div>\n\t\t\t\t\t\t\t<\/div>\n\t\t\t<\/div>\n\n\n\n<div class=\"wp-block-uagb-container uagb-block-f189d62b\">\n<div class=\"wp-block-uagb-container uagb-block-fbb0b425\">\n<h5 class=\"wp-block-heading\">\u00bfQU\u00c9 VOY A APRENDER Y HACER?<\/h5>\n\n\n\n<ul class=\"wp-block-list\">\n<li>Administrar y gestionar una empresa<\/li>\n\n\n\n<li>Realizar la gesti\u00f3n de existencias y tr\u00e1mites necesarios<\/li>\n\n\n\n<li>Realizar la contabilidad y tramitar los impuestos<\/li>\n\n\n\n<li>Realizar la contrataci\u00f3n de personal y confeccionar las n\u00f3minas<\/li>\n\n\n\n<li>Gesti\u00f3n y atenci\u00f3n al cliente<\/li>\n\n\n\n<li>Gesti\u00f3n de la financiaci\u00f3n, el presupuesto y la tesorer\u00eda<\/li>\n\n\n\n<li>Utilizar programas inform\u00e1ticos gen\u00e9ricos y espec\u00edficos de gesti\u00f3n<\/li>\n<\/ul>\n\n\n\n<h5 class=\"wp-block-heading\">\u00bfC\u00d3MO?<\/h5>\n\n\n\n<p>Metodolog\u00eda activo-colaborativa.<\/p>\n\n\n\n<h5 class=\"wp-block-heading\">SALIDAS PROFESIONALES<\/h5>\n\n\n\n<ul class=\"wp-block-list\">\n<li>Departamento de administraci\u00f3n<\/li>\n\n\n\n<li>Departamento de recursos humanos<\/li>\n\n\n\n<li>Departamento de producci\u00f3n<\/li>\n\n\n\n<li>Departamento comercial<\/li>\n\n\n\n<li>Asesor\u00edas<\/li>\n\n\n\n<li>Entidades financieras<\/li>\n<\/ul>\n\n\n\n<p>\u00bfQU\u00c9 PUEDO SEGUIR ESTUDIANDO?<\/p>\n\n\n\n<ul class=\"wp-block-list\">\n<li>Cursos de especializaci\u00f3n profesional.<\/li>\n\n\n\n<li>Otro Ciclo de Formaci\u00f3n Profesional de Grado Superior con la posibilidad de establecer convalidaciones de m\u00f3dulos profesionales de acuerdo a la normativa vigente.<\/li>\n\n\n\n<li>Ense\u00f1anzas Universitarias con la posibilidad de establecer convalidaciones de acuerdo con la normativa vigente.<\/li>\n<\/ul>\n<\/div>\n\n\n\n<div class=\"wp-block-uagb-container uagb-block-2d7af701\">\n<h5 class=\"wp-block-heading\"><strong>PLAN DE FORMACI\u00d3N (2.182 horas, 2 cursos)<\/strong><\/h5>\n\n\n\n<figure class=\"wp-block-table\"><table><tbody><tr><td><strong>Semanal<\/strong><\/td><td><strong>M\u00f3dulos 1er curso:<\/strong><\/td><\/tr><tr><td>6h<\/td><td>Proceso integral de la actividad comercial<\/td><\/tr><tr><td>3h<\/td><td>Gesti\u00f3n de recursos humanos<\/td><\/tr><tr><td>7h<\/td><td>Ofim\u00e1tica y proceso de la informaci\u00f3n<\/td><\/tr><tr><td>4h<\/td><td>Comunicaci\u00f3n y atenci\u00f3n al cliente<\/td><\/tr><tr><td>2h<\/td><td>Ingles profesional<\/td><\/tr><tr><td>2h<\/td><td>Ingl\u00e9s avanzado<\/td><\/tr><tr><td>4h<\/td><td>Itinerario personal para la empleabilidad I<\/td><\/tr><tr><td>2h<\/td><td>Digitalizaci\u00f3n aplicada a los sectores productivos (GS)<\/td><\/tr><tr><td>&#8211;<\/td><td>DUAL<\/td><\/tr><\/tbody><\/table><\/figure>\n\n\n\n<figure class=\"wp-block-table\"><table><tbody><tr><td><strong>Semanal<\/strong><\/td><td><strong>M\u00f3dulos 2\u00ba curso:<\/strong><\/td><\/tr><tr><td>3h<\/td><td>Gesti\u00f3n de la documentaci\u00f3n jur\u00eddica y empresarial<\/td><\/tr><tr><td>3h<\/td><td>Recursos humanos y responsabilidad social corporativa<\/td><\/tr><tr><td>4h<\/td><td>Gesti\u00f3n financiera<\/td><\/tr><tr><td>5h<\/td><td>Contabilidad y fiscalidad<\/td><\/tr><tr><td>4h<\/td><td>Simulaci\u00f3n empresarial<\/td><\/tr><tr><td>2h<\/td><td>Gesti\u00f3n log\u00edstica y comercial<\/td><\/tr><tr><td>3h<\/td><td>Itinerario personal para la empleabilidad II<\/td><\/tr><tr><td>2h<\/td><td>Sostenibilidad aplicada al sistema productivo<\/td><\/tr><tr><td>4h<\/td><td>M\u00f3dulo optativo<\/td><\/tr><tr><td>&#8211;<\/td><td>Proyecto intermodular<\/td><\/tr><tr><td>&#8211;<\/td><td>DUAL<\/td><\/tr><\/tbody><\/table><\/figure>\n<\/div>\n<\/div>\n<\/div>\n<\/div><\/div>\n\n\n\n<div class=\"wp-block-columns alignfull is-layout-flex wp-container-core-columns-is-layout-28f84493 wp-block-columns-is-layout-flex\">\n<div class=\"wp-block-column is-layout-flow wp-block-column-is-layout-flow\"><\/div>\n<\/div>\n","protected":false},"excerpt":{"rendered":"","protected":false},"author":3,"featured_media":6315,"parent":13054,"menu_order":12,"comment_status":"closed","ping_status":"closed","template":"","meta":{"_uag_custom_page_level_css":"","footnotes":"","_links_to":"","_links_to_target":""},"categories":[33],"tags":[],"class_list":["post-13056","page","type-page","status-publish","has-post-thumbnail","hentry","category-administracion-y-gestion"],"yoast_head":"<!-- This site is optimized with the Yoast SEO plugin v27.3 - https:\/\/yoast.com\/product\/yoast-seo-wordpress\/ -->\n<title>GS \u2013 Administraci\u00f3n y Finanzas - CIFP Plaiaundi LHII<\/title>\n<meta name=\"robots\" content=\"index, follow, max-snippet:-1, max-image-preview:large, max-video-preview:-1\" \/>\n<link rel=\"canonical\" href=\"https:\/\/www.plaiaundi.eus\/es\/ciclos\/administracion-y-gestion\/gs-administracion-y-finanzas\/\" \/>\n<meta property=\"og:locale\" content=\"es_ES\" \/>\n<meta property=\"og:type\" content=\"article\" \/>\n<meta property=\"og:title\" content=\"GS \u2013 Administraci\u00f3n y Finanzas - CIFP Plaiaundi LHII\" \/>\n<meta property=\"og:url\" content=\"https:\/\/www.plaiaundi.eus\/es\/ciclos\/administracion-y-gestion\/gs-administracion-y-finanzas\/\" \/>\n<meta property=\"og:site_name\" content=\"CIFP Plaiaundi LHII\" \/>\n<meta property=\"article:modified_time\" content=\"2025-10-14T08:08:00+00:00\" \/>\n<meta property=\"og:image\" content=\"https:\/\/www.plaiaundi.eus\/wp-content\/uploads\/2023\/11\/Administracion-Y-Finanzas2.webp\" \/>\n\t<meta property=\"og:image:width\" content=\"1500\" \/>\n\t<meta property=\"og:image:height\" content=\"843\" \/>\n\t<meta property=\"og:image:type\" content=\"image\/webp\" \/>\n<meta name=\"twitter:card\" content=\"summary_large_image\" \/>\n<meta name=\"twitter:label1\" content=\"Tiempo de lectura\" \/>\n\t<meta name=\"twitter:data1\" content=\"3 minutos\" \/>\n<script type=\"application\/ld+json\" class=\"yoast-schema-graph\">{\"@context\":\"https:\\\/\\\/schema.org\",\"@graph\":[{\"@type\":\"WebPage\",\"@id\":\"https:\\\/\\\/www.plaiaundi.eus\\\/es\\\/ciclos\\\/administracion-y-gestion\\\/gs-administracion-y-finanzas\\\/\",\"url\":\"https:\\\/\\\/www.plaiaundi.eus\\\/es\\\/ciclos\\\/administracion-y-gestion\\\/gs-administracion-y-finanzas\\\/\",\"name\":\"GS \u2013 Administraci\u00f3n y Finanzas - CIFP Plaiaundi LHII\",\"isPartOf\":{\"@id\":\"https:\\\/\\\/www.plaiaundi.eus\\\/#website\"},\"primaryImageOfPage\":{\"@id\":\"https:\\\/\\\/www.plaiaundi.eus\\\/es\\\/ciclos\\\/administracion-y-gestion\\\/gs-administracion-y-finanzas\\\/#primaryimage\"},\"image\":{\"@id\":\"https:\\\/\\\/www.plaiaundi.eus\\\/es\\\/ciclos\\\/administracion-y-gestion\\\/gs-administracion-y-finanzas\\\/#primaryimage\"},\"thumbnailUrl\":\"https:\\\/\\\/www.plaiaundi.eus\\\/wp-content\\\/uploads\\\/2023\\\/11\\\/Administracion-Y-Finanzas2.webp\",\"datePublished\":\"2024-04-15T20:50:51+00:00\",\"dateModified\":\"2025-10-14T08:08:00+00:00\",\"breadcrumb\":{\"@id\":\"https:\\\/\\\/www.plaiaundi.eus\\\/es\\\/ciclos\\\/administracion-y-gestion\\\/gs-administracion-y-finanzas\\\/#breadcrumb\"},\"inLanguage\":\"es\",\"potentialAction\":[{\"@type\":\"ReadAction\",\"target\":[\"https:\\\/\\\/www.plaiaundi.eus\\\/es\\\/ciclos\\\/administracion-y-gestion\\\/gs-administracion-y-finanzas\\\/\"]}]},{\"@type\":\"ImageObject\",\"inLanguage\":\"es\",\"@id\":\"https:\\\/\\\/www.plaiaundi.eus\\\/es\\\/ciclos\\\/administracion-y-gestion\\\/gs-administracion-y-finanzas\\\/#primaryimage\",\"url\":\"https:\\\/\\\/www.plaiaundi.eus\\\/wp-content\\\/uploads\\\/2023\\\/11\\\/Administracion-Y-Finanzas2.webp\",\"contentUrl\":\"https:\\\/\\\/www.plaiaundi.eus\\\/wp-content\\\/uploads\\\/2023\\\/11\\\/Administracion-Y-Finanzas2.webp\",\"width\":1500,\"height\":843},{\"@type\":\"BreadcrumbList\",\"@id\":\"https:\\\/\\\/www.plaiaundi.eus\\\/es\\\/ciclos\\\/administracion-y-gestion\\\/gs-administracion-y-finanzas\\\/#breadcrumb\",\"itemListElement\":[{\"@type\":\"ListItem\",\"position\":1,\"name\":\"Plaiaundi\",\"item\":\"https:\\\/\\\/www.plaiaundi.eus\\\/es\\\/\"},{\"@type\":\"ListItem\",\"position\":2,\"name\":\"Ciclos\",\"item\":\"https:\\\/\\\/www.plaiaundi.eus\\\/es\\\/ciclos\\\/\"},{\"@type\":\"ListItem\",\"position\":3,\"name\":\"Administraci\u00f3n y Gesti\u00f3n\",\"item\":\"https:\\\/\\\/www.plaiaundi.eus\\\/zikloak\\\/administrazio-eta-kudeaketa\\\/\"},{\"@type\":\"ListItem\",\"position\":4,\"name\":\"GS \u2013 Administraci\u00f3n y Finanzas\"}]},{\"@type\":\"WebSite\",\"@id\":\"https:\\\/\\\/www.plaiaundi.eus\\\/#website\",\"url\":\"https:\\\/\\\/www.plaiaundi.eus\\\/\",\"name\":\"CIFP Plaiaundi LHII\",\"description\":\"\",\"publisher\":{\"@id\":\"https:\\\/\\\/www.plaiaundi.eus\\\/#organization\"},\"potentialAction\":[{\"@type\":\"SearchAction\",\"target\":{\"@type\":\"EntryPoint\",\"urlTemplate\":\"https:\\\/\\\/www.plaiaundi.eus\\\/?s={search_term_string}\"},\"query-input\":{\"@type\":\"PropertyValueSpecification\",\"valueRequired\":true,\"valueName\":\"search_term_string\"}}],\"inLanguage\":\"es\"},{\"@type\":\"Organization\",\"@id\":\"https:\\\/\\\/www.plaiaundi.eus\\\/#organization\",\"name\":\"CIFP Plaiaundi LHII\",\"url\":\"https:\\\/\\\/www.plaiaundi.eus\\\/\",\"logo\":{\"@type\":\"ImageObject\",\"inLanguage\":\"es\",\"@id\":\"https:\\\/\\\/www.plaiaundi.eus\\\/#\\\/schema\\\/logo\\\/image\\\/\",\"url\":\"https:\\\/\\\/www.plaiaundi.eus\\\/wp-content\\\/uploads\\\/2023\\\/09\\\/cropped-Logo50.png\",\"contentUrl\":\"https:\\\/\\\/www.plaiaundi.eus\\\/wp-content\\\/uploads\\\/2023\\\/09\\\/cropped-Logo50.png\",\"width\":512,\"height\":512,\"caption\":\"CIFP Plaiaundi LHII\"},\"image\":{\"@id\":\"https:\\\/\\\/www.plaiaundi.eus\\\/#\\\/schema\\\/logo\\\/image\\\/\"}}]}<\/script>\n<!-- \/ Yoast SEO plugin. -->","yoast_head_json":{"title":"GS \u2013 Administraci\u00f3n y Finanzas - CIFP Plaiaundi LHII","robots":{"index":"index","follow":"follow","max-snippet":"max-snippet:-1","max-image-preview":"max-image-preview:large","max-video-preview":"max-video-preview:-1"},"canonical":"https:\/\/www.plaiaundi.eus\/es\/ciclos\/administracion-y-gestion\/gs-administracion-y-finanzas\/","og_locale":"es_ES","og_type":"article","og_title":"GS \u2013 Administraci\u00f3n y Finanzas - CIFP Plaiaundi LHII","og_url":"https:\/\/www.plaiaundi.eus\/es\/ciclos\/administracion-y-gestion\/gs-administracion-y-finanzas\/","og_site_name":"CIFP Plaiaundi LHII","article_modified_time":"2025-10-14T08:08:00+00:00","og_image":[{"width":1500,"height":843,"url":"https:\/\/www.plaiaundi.eus\/wp-content\/uploads\/2023\/11\/Administracion-Y-Finanzas2.webp","type":"image\/webp"}],"twitter_card":"summary_large_image","twitter_misc":{"Tiempo de lectura":"3 minutos"},"schema":{"@context":"https:\/\/schema.org","@graph":[{"@type":"WebPage","@id":"https:\/\/www.plaiaundi.eus\/es\/ciclos\/administracion-y-gestion\/gs-administracion-y-finanzas\/","url":"https:\/\/www.plaiaundi.eus\/es\/ciclos\/administracion-y-gestion\/gs-administracion-y-finanzas\/","name":"GS \u2013 Administraci\u00f3n y Finanzas - CIFP Plaiaundi LHII","isPartOf":{"@id":"https:\/\/www.plaiaundi.eus\/#website"},"primaryImageOfPage":{"@id":"https:\/\/www.plaiaundi.eus\/es\/ciclos\/administracion-y-gestion\/gs-administracion-y-finanzas\/#primaryimage"},"image":{"@id":"https:\/\/www.plaiaundi.eus\/es\/ciclos\/administracion-y-gestion\/gs-administracion-y-finanzas\/#primaryimage"},"thumbnailUrl":"https:\/\/www.plaiaundi.eus\/wp-content\/uploads\/2023\/11\/Administracion-Y-Finanzas2.webp","datePublished":"2024-04-15T20:50:51+00:00","dateModified":"2025-10-14T08:08:00+00:00","breadcrumb":{"@id":"https:\/\/www.plaiaundi.eus\/es\/ciclos\/administracion-y-gestion\/gs-administracion-y-finanzas\/#breadcrumb"},"inLanguage":"es","potentialAction":[{"@type":"ReadAction","target":["https:\/\/www.plaiaundi.eus\/es\/ciclos\/administracion-y-gestion\/gs-administracion-y-finanzas\/"]}]},{"@type":"ImageObject","inLanguage":"es","@id":"https:\/\/www.plaiaundi.eus\/es\/ciclos\/administracion-y-gestion\/gs-administracion-y-finanzas\/#primaryimage","url":"https:\/\/www.plaiaundi.eus\/wp-content\/uploads\/2023\/11\/Administracion-Y-Finanzas2.webp","contentUrl":"https:\/\/www.plaiaundi.eus\/wp-content\/uploads\/2023\/11\/Administracion-Y-Finanzas2.webp","width":1500,"height":843},{"@type":"BreadcrumbList","@id":"https:\/\/www.plaiaundi.eus\/es\/ciclos\/administracion-y-gestion\/gs-administracion-y-finanzas\/#breadcrumb","itemListElement":[{"@type":"ListItem","position":1,"name":"Plaiaundi","item":"https:\/\/www.plaiaundi.eus\/es\/"},{"@type":"ListItem","position":2,"name":"Ciclos","item":"https:\/\/www.plaiaundi.eus\/es\/ciclos\/"},{"@type":"ListItem","position":3,"name":"Administraci\u00f3n y Gesti\u00f3n","item":"https:\/\/www.plaiaundi.eus\/zikloak\/administrazio-eta-kudeaketa\/"},{"@type":"ListItem","position":4,"name":"GS \u2013 Administraci\u00f3n y Finanzas"}]},{"@type":"WebSite","@id":"https:\/\/www.plaiaundi.eus\/#website","url":"https:\/\/www.plaiaundi.eus\/","name":"CIFP Plaiaundi LHII","description":"","publisher":{"@id":"https:\/\/www.plaiaundi.eus\/#organization"},"potentialAction":[{"@type":"SearchAction","target":{"@type":"EntryPoint","urlTemplate":"https:\/\/www.plaiaundi.eus\/?s={search_term_string}"},"query-input":{"@type":"PropertyValueSpecification","valueRequired":true,"valueName":"search_term_string"}}],"inLanguage":"es"},{"@type":"Organization","@id":"https:\/\/www.plaiaundi.eus\/#organization","name":"CIFP Plaiaundi LHII","url":"https:\/\/www.plaiaundi.eus\/","logo":{"@type":"ImageObject","inLanguage":"es","@id":"https:\/\/www.plaiaundi.eus\/#\/schema\/logo\/image\/","url":"https:\/\/www.plaiaundi.eus\/wp-content\/uploads\/2023\/09\/cropped-Logo50.png","contentUrl":"https:\/\/www.plaiaundi.eus\/wp-content\/uploads\/2023\/09\/cropped-Logo50.png","width":512,"height":512,"caption":"CIFP Plaiaundi LHII"},"image":{"@id":"https:\/\/www.plaiaundi.eus\/#\/schema\/logo\/image\/"}}]}},"uagb_featured_image_src":{"full":["https:\/\/www.plaiaundi.eus\/wp-content\/uploads\/2023\/11\/Administracion-Y-Finanzas2.webp",1500,843,false],"thumbnail":["https:\/\/www.plaiaundi.eus\/wp-content\/uploads\/2023\/11\/Administracion-Y-Finanzas2-150x150.webp",150,150,true],"medium":["https:\/\/www.plaiaundi.eus\/wp-content\/uploads\/2023\/11\/Administracion-Y-Finanzas2-300x169.webp",300,169,true],"medium_large":["https:\/\/www.plaiaundi.eus\/wp-content\/uploads\/2023\/11\/Administracion-Y-Finanzas2-768x432.webp",768,432,true],"large":["https:\/\/www.plaiaundi.eus\/wp-content\/uploads\/2023\/11\/Administracion-Y-Finanzas2-1024x575.webp",800,449,true],"1536x1536":["https:\/\/www.plaiaundi.eus\/wp-content\/uploads\/2023\/11\/Administracion-Y-Finanzas2.webp",1500,843,false],"2048x2048":["https:\/\/www.plaiaundi.eus\/wp-content\/uploads\/2023\/11\/Administracion-Y-Finanzas2.webp",1500,843,false]},"uagb_author_info":{"display_name":"bidemedia","author_link":"https:\/\/www.plaiaundi.eus\/es\/author\/bidemedia\/"},"uagb_comment_info":0,"uagb_excerpt":null,"_links":{"self":[{"href":"https:\/\/www.plaiaundi.eus\/es\/wp-json\/wp\/v2\/pages\/13056","targetHints":{"allow":["GET"]}}],"collection":[{"href":"https:\/\/www.plaiaundi.eus\/es\/wp-json\/wp\/v2\/pages"}],"about":[{"href":"https:\/\/www.plaiaundi.eus\/es\/wp-json\/wp\/v2\/types\/page"}],"author":[{"embeddable":true,"href":"https:\/\/www.plaiaundi.eus\/es\/wp-json\/wp\/v2\/users\/3"}],"replies":[{"embeddable":true,"href":"https:\/\/www.plaiaundi.eus\/es\/wp-json\/wp\/v2\/comments?post=13056"}],"version-history":[{"count":12,"href":"https:\/\/www.plaiaundi.eus\/es\/wp-json\/wp\/v2\/pages\/13056\/revisions"}],"predecessor-version":[{"id":16279,"href":"https:\/\/www.plaiaundi.eus\/es\/wp-json\/wp\/v2\/pages\/13056\/revisions\/16279"}],"up":[{"embeddable":true,"href":"https:\/\/www.plaiaundi.eus\/es\/wp-json\/wp\/v2\/pages\/13054"}],"wp:featuredmedia":[{"embeddable":true,"href":"https:\/\/www.plaiaundi.eus\/es\/wp-json\/wp\/v2\/media\/6315"}],"wp:attachment":[{"href":"https:\/\/www.plaiaundi.eus\/es\/wp-json\/wp\/v2\/media?parent=13056"}],"wp:term":[{"taxonomy":"category","embeddable":true,"href":"https:\/\/www.plaiaundi.eus\/es\/wp-json\/wp\/v2\/categories?post=13056"},{"taxonomy":"post_tag","embeddable":true,"href":"https:\/\/www.plaiaundi.eus\/es\/wp-json\/wp\/v2\/tags?post=13056"}],"curies":[{"name":"wp","href":"https:\/\/api.w.org\/{rel}","templated":true}]}}