{"id":5883,"date":"2023-11-01T18:16:35","date_gmt":"2023-11-01T17:16:35","guid":{"rendered":"https:\/\/www.plaiaundi.eus\/?page_id=5883"},"modified":"2024-04-24T12:32:28","modified_gmt":"2024-04-24T10:32:28","slug":"contacto","status":"publish","type":"page","link":"https:\/\/www.plaiaundi.eus\/es\/contacto\/","title":{"rendered":"Contacto"},"content":{"rendered":"\t\t<div data-elementor-type=\"wp-page\" data-elementor-id=\"5883\" class=\"elementor elementor-5883\" data-elementor-post-type=\"page\">\n\t\t\t\t<div class=\"elementor-element elementor-element-618293ca e-con-full e-flex e-con e-parent\" data-id=\"618293ca\" data-element_type=\"container\" data-e-type=\"container\" data-settings=\"{&quot;background_background&quot;:&quot;classic&quot;}\">\n\t\t\t\t<div class=\"elementor-element elementor-element-447d5a83 animated-slow elementor-invisible elementor-widget elementor-widget-heading\" data-id=\"447d5a83\" data-element_type=\"widget\" data-e-type=\"widget\" data-settings=\"{&quot;_animation&quot;:&quot;slideInUp&quot;}\" data-widget_type=\"heading.default\">\n\t\t\t\t<div class=\"elementor-widget-container\">\n\t\t\t\t\t<h2 class=\"elementor-heading-title elementor-size-default\">CONT\u00c1CTANOS<\/h2>\t\t\t\t<\/div>\n\t\t\t\t<\/div>\n\t\t<div class=\"elementor-element elementor-element-183e8ad8 e-con-full e-flex e-con e-child\" data-id=\"183e8ad8\" data-element_type=\"container\" data-e-type=\"container\">\n\t\t<div class=\"elementor-element elementor-element-44bcae27 e-con-full e-flex e-con e-child\" data-id=\"44bcae27\" data-element_type=\"container\" data-e-type=\"container\">\n\t\t\t\t<div class=\"elementor-element elementor-element-55986cf8 elementor-widget elementor-widget-icon-box\" data-id=\"55986cf8\" data-element_type=\"widget\" data-e-type=\"widget\" data-widget_type=\"icon-box.default\">\n\t\t\t\t<div class=\"elementor-widget-container\">\n\t\t\t\t\t\t\t<div class=\"elementor-icon-box-wrapper\">\n\n\t\t\t\n\t\t\t\t\t\t<div class=\"elementor-icon-box-content\">\n\n\t\t\t\t\t\t\t\t\t<h3 class=\"elementor-icon-box-title\">\n\t\t\t\t\t\t<span  >\n\t\t\t\t\t\t\tEncu\u00e9ntranos aqu\u00ed\t\t\t\t\t\t<\/span>\n\t\t\t\t\t<\/h3>\n\t\t\t\t\n\t\t\t\t\t\t\t\t\t<p class=\"elementor-icon-box-description\">\n\t\t\t\t\t\tPierre Loti 1, 20301 Irun, Gipuzkoa\t\t\t\t\t<\/p>\n\t\t\t\t\n\t\t\t<\/div>\n\t\t\t\n\t\t<\/div>\n\t\t\t\t\t\t<\/div>\n\t\t\t\t<\/div>\n\t\t\t\t<div class=\"elementor-element elementor-element-143ca8f4 elementor-widget elementor-widget-icon-box\" data-id=\"143ca8f4\" data-element_type=\"widget\" data-e-type=\"widget\" data-widget_type=\"icon-box.default\">\n\t\t\t\t<div class=\"elementor-widget-container\">\n\t\t\t\t\t\t\t<div class=\"elementor-icon-box-wrapper\">\n\n\t\t\t\n\t\t\t\t\t\t<div class=\"elementor-icon-box-content\">\n\n\t\t\t\t\t\t\t\t\t<h3 class=\"elementor-icon-box-title\">\n\t\t\t\t\t\t<span  >\n\t\t\t\t\t\t\tTel\u00e9fono y Mail\t\t\t\t\t\t<\/span>\n\t\t\t\t\t<\/h3>\n\t\t\t\t\n\t\t\t\t\t\t\t\t\t<p class=\"elementor-icon-box-description\">\n\t\t\t\t\t\t\n943 899 214<br>\ninfo@plaiaundi.eus\t\t\t\t\t<\/p>\n\t\t\t\t\n\t\t\t<\/div>\n\t\t\t\n\t\t<\/div>\n\t\t\t\t\t\t<\/div>\n\t\t\t\t<\/div>\n\t\t\t\t<div class=\"elementor-element elementor-element-157b35b5 elementor-widget elementor-widget-icon-box\" data-id=\"157b35b5\" data-element_type=\"widget\" data-e-type=\"widget\" data-widget_type=\"icon-box.default\">\n\t\t\t\t<div class=\"elementor-widget-container\">\n\t\t\t\t\t\t\t<div class=\"elementor-icon-box-wrapper\">\n\n\t\t\t\n\t\t\t\t\t\t<div class=\"elementor-icon-box-content\">\n\n\t\t\t\t\t\t\t\t\t<h3 class=\"elementor-icon-box-title\">\n\t\t\t\t\t\t<span  >\n\t\t\t\t\t\t\tHorario de oficina\t\t\t\t\t\t<\/span>\n\t\t\t\t\t<\/h3>\n\t\t\t\t\n\t\t\t\t\t\t\t\t\t<p class=\"elementor-icon-box-description\">\n\t\t\t\t\t\tL-V 8h a 21h - Oficina L-V 9:00 a 14h, 16:00 a 18:00 Viernes tarde cerrado\t\t\t\t\t<\/p>\n\t\t\t\t\n\t\t\t<\/div>\n\t\t\t\n\t\t<\/div>\n\t\t\t\t\t\t<\/div>\n\t\t\t\t<\/div>\n\t\t\t\t<\/div>\n\t\t<div class=\"elementor-element elementor-element-55cc9bcc e-con-full e-flex e-con e-child\" data-id=\"55cc9bcc\" data-element_type=\"container\" data-e-type=\"container\">\n\t\t\t\t<div class=\"elementor-element elementor-element-388c9dae elementor-widget elementor-widget-heading\" data-id=\"388c9dae\" data-element_type=\"widget\" data-e-type=\"widget\" data-widget_type=\"heading.default\">\n\t\t\t\t<div class=\"elementor-widget-container\">\n\t\t\t\t\t<h2 class=\"elementor-heading-title elementor-size-default\">Da el primer paso, nosotros nos encargamos del resto<\/h2>\t\t\t\t<\/div>\n\t\t\t\t<\/div>\n\t\t\t\t<div class=\"elementor-element elementor-element-4e24fdcd elementor-button-align-start elementor-tablet-button-align-stretch elementor-widget elementor-widget-form\" data-id=\"4e24fdcd\" data-element_type=\"widget\" data-e-type=\"widget\" data-settings=\"{&quot;button_width_tablet&quot;:&quot;100&quot;,&quot;step_next_label&quot;:&quot;Next&quot;,&quot;step_previous_label&quot;:&quot;Previous&quot;,&quot;button_width&quot;:&quot;100&quot;,&quot;step_type&quot;:&quot;number_text&quot;,&quot;step_icon_shape&quot;:&quot;circle&quot;}\" data-widget_type=\"form.default\">\n\t\t\t\t<div class=\"elementor-widget-container\">\n\t\t\t\t\t\t\t<form class=\"elementor-form\" method=\"post\" name=\"Contact Us\" aria-label=\"Contact Us\">\n\t\t\t<input type=\"hidden\" name=\"post_id\" value=\"5883\"\/>\n\t\t\t<input type=\"hidden\" name=\"form_id\" value=\"4e24fdcd\"\/>\n\t\t\t<input type=\"hidden\" name=\"referer_title\" value=\"Contacto - CIFP Plaiaundi LHII\" \/>\n\n\t\t\t\t\t\t\t<input type=\"hidden\" name=\"queried_id\" value=\"5883\"\/>\n\t\t\t\n\t\t\t<div class=\"elementor-form-fields-wrapper elementor-labels-\">\n\t\t\t\t\t\t\t\t<div class=\"elementor-field-type-text elementor-field-group elementor-column elementor-field-group-nombre elementor-col-100 elementor-md-50\">\n\t\t\t\t\t\t\t\t\t\t\t\t<label for=\"form-field-nombre\" class=\"elementor-field-label elementor-screen-only\">\n\t\t\t\t\t\t\t\tNombre\t\t\t\t\t\t\t<\/label>\n\t\t\t\t\t\t\t\t\t\t\t\t\t\t<input size=\"1\" type=\"text\" name=\"form_fields[nombre]\" id=\"form-field-nombre\" class=\"elementor-field elementor-size-sm  elementor-field-textual\" placeholder=\"Nombre\">\n\t\t\t\t\t\t\t\t\t\t\t<\/div>\n\t\t\t\t\t\t\t\t<div class=\"elementor-field-type-tel elementor-field-group elementor-column elementor-field-group-telefono elementor-col-100 elementor-md-50 elementor-field-required\">\n\t\t\t\t\t\t\t\t\t\t\t\t<label for=\"form-field-telefono\" class=\"elementor-field-label elementor-screen-only\">\n\t\t\t\t\t\t\t\tTelefono\t\t\t\t\t\t\t<\/label>\n\t\t\t\t\t\t\t\t<input size=\"1\" type=\"tel\" name=\"form_fields[telefono]\" id=\"form-field-telefono\" class=\"elementor-field elementor-size-sm  elementor-field-textual\" placeholder=\"* Tel\u00e9fono\" required=\"required\" pattern=\"[0-9()#&amp;+*-=.]+\" title=\"Solo se aceptan n\u00fameros y caracteres de tel\u00e9fono (#,-,*,etc).\">\n\n\t\t\t\t\t\t<\/div>\n\t\t\t\t\t\t\t\t<div class=\"elementor-field-type-email elementor-field-group elementor-column elementor-field-group-email elementor-col-100 elementor-md-100 elementor-field-required\">\n\t\t\t\t\t\t\t\t\t\t\t\t<label for=\"form-field-email\" class=\"elementor-field-label elementor-screen-only\">\n\t\t\t\t\t\t\t\tEmail\t\t\t\t\t\t\t<\/label>\n\t\t\t\t\t\t\t\t\t\t\t\t\t\t<input size=\"1\" type=\"email\" name=\"form_fields[email]\" id=\"form-field-email\" class=\"elementor-field elementor-size-sm  elementor-field-textual\" placeholder=\"* Email\" required=\"required\">\n\t\t\t\t\t\t\t\t\t\t\t<\/div>\n\t\t\t\t\t\t\t\t<div class=\"elementor-field-type-textarea elementor-field-group elementor-column elementor-field-group-Mensaje elementor-col-100 elementor-md-100 elementor-field-required\">\n\t\t\t\t\t\t\t\t\t\t\t\t<label for=\"form-field-Mensaje\" class=\"elementor-field-label elementor-screen-only\">\n\t\t\t\t\t\t\t\tMensaje\t\t\t\t\t\t\t<\/label>\n\t\t\t\t\t\t<textarea class=\"elementor-field-textual elementor-field  elementor-size-sm\" name=\"form_fields[Mensaje]\" id=\"form-field-Mensaje\" rows=\"5\" placeholder=\"* Mensaje\" required=\"required\"><\/textarea>\t\t\t\t<\/div>\n\t\t\t\t\t\t\t\t<div class=\"elementor-field-group elementor-column elementor-field-type-submit elementor-col-100 e-form__buttons elementor-md-100\">\n\t\t\t\t\t<button class=\"elementor-button elementor-size-sm elementor-animation-shrink\" type=\"submit\">\n\t\t\t\t\t\t<span class=\"elementor-button-content-wrapper\">\n\t\t\t\t\t\t\t\t\t\t\t\t\t\t\t\t\t\t\t\t\t\t<span class=\"elementor-button-text\">Envianos el formulario<\/span>\n\t\t\t\t\t\t\t\t\t\t\t\t\t<\/span>\n\t\t\t\t\t<\/button>\n\t\t\t\t<\/div>\n\t\t\t<\/div>\n\t\t<\/form>\n\t\t\t\t\t\t<\/div>\n\t\t\t\t<\/div>\n\t\t\t\t<\/div>\n\t\t\t\t<div class=\"elementor-element elementor-element-5bb0a75c elementor-widget elementor-widget-image\" data-id=\"5bb0a75c\" data-element_type=\"widget\" data-e-type=\"widget\" data-widget_type=\"image.default\">\n\t\t\t\t<div class=\"elementor-widget-container\">\n\t\t\t\t\t\t\t\t\t\t\t\t\t\t\t<img fetchpriority=\"high\" decoding=\"async\" width=\"800\" height=\"600\" src=\"https:\/\/www.plaiaundi.eus\/wp-content\/uploads\/2023\/10\/IMG_20180228_100646-1024x768.jpg\" class=\"attachment-large size-large wp-image-499\" alt=\"\" srcset=\"https:\/\/www.plaiaundi.eus\/wp-content\/uploads\/2023\/10\/IMG_20180228_100646-1024x768.jpg 1024w, https:\/\/www.plaiaundi.eus\/wp-content\/uploads\/2023\/10\/IMG_20180228_100646-300x225.jpg 300w, https:\/\/www.plaiaundi.eus\/wp-content\/uploads\/2023\/10\/IMG_20180228_100646-768x576.jpg 768w, https:\/\/www.plaiaundi.eus\/wp-content\/uploads\/2023\/10\/IMG_20180228_100646.jpg 1227w\" sizes=\"(max-width: 800px) 100vw, 800px\" \/>\t\t\t\t\t\t\t\t\t\t\t\t\t\t\t<\/div>\n\t\t\t\t<\/div>\n\t\t\t\t<\/div>\n\t\t\t\t<\/div>\n\t\t\t\t<\/div>\n\t\t","protected":false},"excerpt":{"rendered":"<p>CONT\u00c1CTANOS Encu\u00e9ntranos aqu\u00ed Pierre Loti 1, 20301 Irun, Gipuzkoa Tel\u00e9fono y Mail 943 899 214 info@plaiaundi.eus Horario de oficina L-V 8h a 21h &#8211; Oficina L-V 9:00 a 14h, 16:00 a 18:00 Viernes tarde cerrado Da el primer paso, nosotros nos encargamos del resto<\/p>\n","protected":false},"author":3,"featured_media":5884,"parent":0,"menu_order":65,"comment_status":"closed","ping_status":"closed","template":"","meta":{"_uag_custom_page_level_css":"","footnotes":"","_links_to":"","_links_to_target":""},"categories":[53],"tags":[],"class_list":["post-5883","page","type-page","status-publish","has-post-thumbnail","hentry","category-paginas"],"yoast_head":"<!-- This site is optimized with the Yoast SEO plugin v27.3 - https:\/\/yoast.com\/product\/yoast-seo-wordpress\/ -->\n<title>Contacto - CIFP Plaiaundi LHII<\/title>\n<meta name=\"robots\" content=\"index, follow, max-snippet:-1, max-image-preview:large, max-video-preview:-1\" \/>\n<link rel=\"canonical\" href=\"https:\/\/www.plaiaundi.eus\/es\/contacto\/\" \/>\n<meta property=\"og:locale\" content=\"es_ES\" \/>\n<meta property=\"og:type\" content=\"article\" \/>\n<meta property=\"og:title\" content=\"Contacto - CIFP Plaiaundi LHII\" \/>\n<meta property=\"og:description\" content=\"CONT\u00c1CTANOS Encu\u00e9ntranos aqu\u00ed Pierre Loti 1, 20301 Irun, Gipuzkoa Tel\u00e9fono y Mail 943 899 214 info@plaiaundi.eus Horario de oficina L-V 8h a 21h &#8211; Oficina L-V 9:00 a 14h, 16:00 a 18:00 Viernes tarde cerrado Da el primer paso, nosotros nos encargamos del resto\" \/>\n<meta property=\"og:url\" content=\"https:\/\/www.plaiaundi.eus\/es\/contacto\/\" \/>\n<meta property=\"og:site_name\" content=\"CIFP Plaiaundi LHII\" \/>\n<meta property=\"article:modified_time\" content=\"2024-04-24T10:32:28+00:00\" \/>\n<meta property=\"og:image\" content=\"https:\/\/www.plaiaundi.eus\/wp-content\/uploads\/2023\/11\/contacto.jpeg\" \/>\n\t<meta property=\"og:image:width\" content=\"933\" \/>\n\t<meta property=\"og:image:height\" content=\"525\" \/>\n\t<meta property=\"og:image:type\" content=\"image\/jpeg\" \/>\n<meta name=\"twitter:card\" content=\"summary_large_image\" \/>\n<meta name=\"twitter:label1\" content=\"Tiempo de lectura\" \/>\n\t<meta name=\"twitter:data1\" content=\"1 minuto\" \/>\n<script type=\"application\/ld+json\" class=\"yoast-schema-graph\">{\"@context\":\"https:\\\/\\\/schema.org\",\"@graph\":[{\"@type\":\"WebPage\",\"@id\":\"https:\\\/\\\/www.plaiaundi.eus\\\/es\\\/contacto\\\/\",\"url\":\"https:\\\/\\\/www.plaiaundi.eus\\\/es\\\/contacto\\\/\",\"name\":\"Contacto - CIFP Plaiaundi LHII\",\"isPartOf\":{\"@id\":\"https:\\\/\\\/www.plaiaundi.eus\\\/#website\"},\"primaryImageOfPage\":{\"@id\":\"https:\\\/\\\/www.plaiaundi.eus\\\/es\\\/contacto\\\/#primaryimage\"},\"image\":{\"@id\":\"https:\\\/\\\/www.plaiaundi.eus\\\/es\\\/contacto\\\/#primaryimage\"},\"thumbnailUrl\":\"https:\\\/\\\/www.plaiaundi.eus\\\/wp-content\\\/uploads\\\/2023\\\/11\\\/contacto.jpeg\",\"datePublished\":\"2023-11-01T17:16:35+00:00\",\"dateModified\":\"2024-04-24T10:32:28+00:00\",\"breadcrumb\":{\"@id\":\"https:\\\/\\\/www.plaiaundi.eus\\\/es\\\/contacto\\\/#breadcrumb\"},\"inLanguage\":\"es\",\"potentialAction\":[{\"@type\":\"ReadAction\",\"target\":[\"https:\\\/\\\/www.plaiaundi.eus\\\/es\\\/contacto\\\/\"]}]},{\"@type\":\"ImageObject\",\"inLanguage\":\"es\",\"@id\":\"https:\\\/\\\/www.plaiaundi.eus\\\/es\\\/contacto\\\/#primaryimage\",\"url\":\"https:\\\/\\\/www.plaiaundi.eus\\\/wp-content\\\/uploads\\\/2023\\\/11\\\/contacto.jpeg\",\"contentUrl\":\"https:\\\/\\\/www.plaiaundi.eus\\\/wp-content\\\/uploads\\\/2023\\\/11\\\/contacto.jpeg\",\"width\":933,\"height\":525},{\"@type\":\"BreadcrumbList\",\"@id\":\"https:\\\/\\\/www.plaiaundi.eus\\\/es\\\/contacto\\\/#breadcrumb\",\"itemListElement\":[{\"@type\":\"ListItem\",\"position\":1,\"name\":\"Plaiaundi\",\"item\":\"https:\\\/\\\/www.plaiaundi.eus\\\/es\\\/\"},{\"@type\":\"ListItem\",\"position\":2,\"name\":\"Contacto\"}]},{\"@type\":\"WebSite\",\"@id\":\"https:\\\/\\\/www.plaiaundi.eus\\\/#website\",\"url\":\"https:\\\/\\\/www.plaiaundi.eus\\\/\",\"name\":\"CIFP Plaiaundi LHII\",\"description\":\"\",\"publisher\":{\"@id\":\"https:\\\/\\\/www.plaiaundi.eus\\\/#organization\"},\"potentialAction\":[{\"@type\":\"SearchAction\",\"target\":{\"@type\":\"EntryPoint\",\"urlTemplate\":\"https:\\\/\\\/www.plaiaundi.eus\\\/?s={search_term_string}\"},\"query-input\":{\"@type\":\"PropertyValueSpecification\",\"valueRequired\":true,\"valueName\":\"search_term_string\"}}],\"inLanguage\":\"es\"},{\"@type\":\"Organization\",\"@id\":\"https:\\\/\\\/www.plaiaundi.eus\\\/#organization\",\"name\":\"CIFP Plaiaundi LHII\",\"url\":\"https:\\\/\\\/www.plaiaundi.eus\\\/\",\"logo\":{\"@type\":\"ImageObject\",\"inLanguage\":\"es\",\"@id\":\"https:\\\/\\\/www.plaiaundi.eus\\\/#\\\/schema\\\/logo\\\/image\\\/\",\"url\":\"https:\\\/\\\/www.plaiaundi.eus\\\/wp-content\\\/uploads\\\/2023\\\/09\\\/cropped-Logo50.png\",\"contentUrl\":\"https:\\\/\\\/www.plaiaundi.eus\\\/wp-content\\\/uploads\\\/2023\\\/09\\\/cropped-Logo50.png\",\"width\":512,\"height\":512,\"caption\":\"CIFP Plaiaundi LHII\"},\"image\":{\"@id\":\"https:\\\/\\\/www.plaiaundi.eus\\\/#\\\/schema\\\/logo\\\/image\\\/\"}}]}<\/script>\n<!-- \/ Yoast SEO plugin. -->","yoast_head_json":{"title":"Contacto - CIFP Plaiaundi LHII","robots":{"index":"index","follow":"follow","max-snippet":"max-snippet:-1","max-image-preview":"max-image-preview:large","max-video-preview":"max-video-preview:-1"},"canonical":"https:\/\/www.plaiaundi.eus\/es\/contacto\/","og_locale":"es_ES","og_type":"article","og_title":"Contacto - CIFP Plaiaundi LHII","og_description":"CONT\u00c1CTANOS Encu\u00e9ntranos aqu\u00ed Pierre Loti 1, 20301 Irun, Gipuzkoa Tel\u00e9fono y Mail 943 899 214 info@plaiaundi.eus Horario de oficina L-V 8h a 21h &#8211; Oficina L-V 9:00 a 14h, 16:00 a 18:00 Viernes tarde cerrado Da el primer paso, nosotros nos encargamos del resto","og_url":"https:\/\/www.plaiaundi.eus\/es\/contacto\/","og_site_name":"CIFP Plaiaundi LHII","article_modified_time":"2024-04-24T10:32:28+00:00","og_image":[{"width":933,"height":525,"url":"https:\/\/www.plaiaundi.eus\/wp-content\/uploads\/2023\/11\/contacto.jpeg","type":"image\/jpeg"}],"twitter_card":"summary_large_image","twitter_misc":{"Tiempo de lectura":"1 minuto"},"schema":{"@context":"https:\/\/schema.org","@graph":[{"@type":"WebPage","@id":"https:\/\/www.plaiaundi.eus\/es\/contacto\/","url":"https:\/\/www.plaiaundi.eus\/es\/contacto\/","name":"Contacto - CIFP Plaiaundi LHII","isPartOf":{"@id":"https:\/\/www.plaiaundi.eus\/#website"},"primaryImageOfPage":{"@id":"https:\/\/www.plaiaundi.eus\/es\/contacto\/#primaryimage"},"image":{"@id":"https:\/\/www.plaiaundi.eus\/es\/contacto\/#primaryimage"},"thumbnailUrl":"https:\/\/www.plaiaundi.eus\/wp-content\/uploads\/2023\/11\/contacto.jpeg","datePublished":"2023-11-01T17:16:35+00:00","dateModified":"2024-04-24T10:32:28+00:00","breadcrumb":{"@id":"https:\/\/www.plaiaundi.eus\/es\/contacto\/#breadcrumb"},"inLanguage":"es","potentialAction":[{"@type":"ReadAction","target":["https:\/\/www.plaiaundi.eus\/es\/contacto\/"]}]},{"@type":"ImageObject","inLanguage":"es","@id":"https:\/\/www.plaiaundi.eus\/es\/contacto\/#primaryimage","url":"https:\/\/www.plaiaundi.eus\/wp-content\/uploads\/2023\/11\/contacto.jpeg","contentUrl":"https:\/\/www.plaiaundi.eus\/wp-content\/uploads\/2023\/11\/contacto.jpeg","width":933,"height":525},{"@type":"BreadcrumbList","@id":"https:\/\/www.plaiaundi.eus\/es\/contacto\/#breadcrumb","itemListElement":[{"@type":"ListItem","position":1,"name":"Plaiaundi","item":"https:\/\/www.plaiaundi.eus\/es\/"},{"@type":"ListItem","position":2,"name":"Contacto"}]},{"@type":"WebSite","@id":"https:\/\/www.plaiaundi.eus\/#website","url":"https:\/\/www.plaiaundi.eus\/","name":"CIFP Plaiaundi LHII","description":"","publisher":{"@id":"https:\/\/www.plaiaundi.eus\/#organization"},"potentialAction":[{"@type":"SearchAction","target":{"@type":"EntryPoint","urlTemplate":"https:\/\/www.plaiaundi.eus\/?s={search_term_string}"},"query-input":{"@type":"PropertyValueSpecification","valueRequired":true,"valueName":"search_term_string"}}],"inLanguage":"es"},{"@type":"Organization","@id":"https:\/\/www.plaiaundi.eus\/#organization","name":"CIFP Plaiaundi LHII","url":"https:\/\/www.plaiaundi.eus\/","logo":{"@type":"ImageObject","inLanguage":"es","@id":"https:\/\/www.plaiaundi.eus\/#\/schema\/logo\/image\/","url":"https:\/\/www.plaiaundi.eus\/wp-content\/uploads\/2023\/09\/cropped-Logo50.png","contentUrl":"https:\/\/www.plaiaundi.eus\/wp-content\/uploads\/2023\/09\/cropped-Logo50.png","width":512,"height":512,"caption":"CIFP Plaiaundi LHII"},"image":{"@id":"https:\/\/www.plaiaundi.eus\/#\/schema\/logo\/image\/"}}]}},"uagb_featured_image_src":{"full":["https:\/\/www.plaiaundi.eus\/wp-content\/uploads\/2023\/11\/contacto.jpeg",933,525,false],"thumbnail":["https:\/\/www.plaiaundi.eus\/wp-content\/uploads\/2023\/11\/contacto-150x150.jpeg",150,150,true],"medium":["https:\/\/www.plaiaundi.eus\/wp-content\/uploads\/2023\/11\/contacto-300x169.jpeg",300,169,true],"medium_large":["https:\/\/www.plaiaundi.eus\/wp-content\/uploads\/2023\/11\/contacto-768x432.jpeg",768,432,true],"large":["https:\/\/www.plaiaundi.eus\/wp-content\/uploads\/2023\/11\/contacto.jpeg",800,450,false],"1536x1536":["https:\/\/www.plaiaundi.eus\/wp-content\/uploads\/2023\/11\/contacto.jpeg",933,525,false],"2048x2048":["https:\/\/www.plaiaundi.eus\/wp-content\/uploads\/2023\/11\/contacto.jpeg",933,525,false]},"uagb_author_info":{"display_name":"bidemedia","author_link":"https:\/\/www.plaiaundi.eus\/es\/author\/bidemedia\/"},"uagb_comment_info":0,"uagb_excerpt":"CONT\u00c1CTANOS Encu\u00e9ntranos aqu\u00ed Pierre Loti 1, 20301 Irun, Gipuzkoa Tel\u00e9fono y Mail 943 899 214 info@plaiaundi.eus Horario de oficina L-V 8h a 21h &#8211; Oficina L-V 9:00 a 14h, 16:00 a 18:00 Viernes tarde cerrado Da el primer paso, nosotros nos encargamos del resto","_links":{"self":[{"href":"https:\/\/www.plaiaundi.eus\/es\/wp-json\/wp\/v2\/pages\/5883","targetHints":{"allow":["GET"]}}],"collection":[{"href":"https:\/\/www.plaiaundi.eus\/es\/wp-json\/wp\/v2\/pages"}],"about":[{"href":"https:\/\/www.plaiaundi.eus\/es\/wp-json\/wp\/v2\/types\/page"}],"author":[{"embeddable":true,"href":"https:\/\/www.plaiaundi.eus\/es\/wp-json\/wp\/v2\/users\/3"}],"replies":[{"embeddable":true,"href":"https:\/\/www.plaiaundi.eus\/es\/wp-json\/wp\/v2\/comments?post=5883"}],"version-history":[{"count":1,"href":"https:\/\/www.plaiaundi.eus\/es\/wp-json\/wp\/v2\/pages\/5883\/revisions"}],"predecessor-version":[{"id":13886,"href":"https:\/\/www.plaiaundi.eus\/es\/wp-json\/wp\/v2\/pages\/5883\/revisions\/13886"}],"wp:featuredmedia":[{"embeddable":true,"href":"https:\/\/www.plaiaundi.eus\/es\/wp-json\/wp\/v2\/media\/5884"}],"wp:attachment":[{"href":"https:\/\/www.plaiaundi.eus\/es\/wp-json\/wp\/v2\/media?parent=5883"}],"wp:term":[{"taxonomy":"category","embeddable":true,"href":"https:\/\/www.plaiaundi.eus\/es\/wp-json\/wp\/v2\/categories?post=5883"},{"taxonomy":"post_tag","embeddable":true,"href":"https:\/\/www.plaiaundi.eus\/es\/wp-json\/wp\/v2\/tags?post=5883"}],"curies":[{"name":"wp","href":"https:\/\/api.w.org\/{rel}","templated":true}]}}