{"id":8620,"date":"2023-12-07T22:51:43","date_gmt":"2023-12-07T21:51:43","guid":{"rendered":"https:\/\/www.plaiaundi.eus\/?page_id=8620"},"modified":"2024-04-24T12:31:03","modified_gmt":"2024-04-24T10:31:03","slug":"aviso-legal","status":"publish","type":"page","link":"https:\/\/www.plaiaundi.eus\/es\/aviso-legal\/","title":{"rendered":"Aviso Legal"},"content":{"rendered":"\t\t<div data-elementor-type=\"wp-page\" data-elementor-id=\"8620\" class=\"elementor elementor-8620\" data-elementor-post-type=\"page\">\n\t\t\t\t<div class=\"elementor-element elementor-element-5877269f e-flex e-con-boxed e-con e-parent\" data-id=\"5877269f\" data-element_type=\"container\" data-e-type=\"container\">\n\t\t\t\t\t<div class=\"e-con-inner\">\n\t\t\t\t<div class=\"elementor-element elementor-element-f8d81df elementor-widget elementor-widget-heading\" data-id=\"f8d81df\" data-element_type=\"widget\" data-e-type=\"widget\" data-widget_type=\"heading.default\">\n\t\t\t\t<div class=\"elementor-widget-container\">\n\t\t\t\t\t<h1 class=\"elementor-heading-title elementor-size-large\">Aviso Legal<\/h1>\t\t\t\t<\/div>\n\t\t\t\t<\/div>\n\t\t\t\t<div class=\"elementor-element elementor-element-53f41578 elementor-widget elementor-widget-text-editor\" data-id=\"53f41578\" data-element_type=\"widget\" data-e-type=\"widget\" data-widget_type=\"text-editor.default\">\n\t\t\t\t<div class=\"elementor-widget-container\">\n\t\t\t\t\t\t\t\t\t<p>El presente aviso legal (en adelante, el \u00abAviso Legal\u00bb) regula el uso del servicio del portal de Internet www.plaiaundi.eus (en adelante, el \u00abWeb\u00bb) de <b><i>CIFP Plaiaundi LHII<\/i><\/b>&nbsp;con domicilio social en Pierre Loti 1, IRUN-20301 GIPUZKOA con NIF S4833001C<\/p>\n<p><strong>Legislaci<\/strong><strong>\u00f3<\/strong><strong>n<\/strong><\/p>\n<p>Con car\u00e1cter general las relaciones entre www.plaiaundi.eus con los Usuarios de sus servicios telem\u00e1ticos, presentes en la web, se encuentran sometidas a la legislaci\u00f3n y jurisdicci\u00f3n espa\u00f1olas.<\/p>\n<p>Las partes renuncian expresamente al fuero que les pudiera corresponder y someten expresamente a los Juzgados y Tribunales de DONOSTIA-SAN SEBASTIAN para resolver cualquier controversia que pueda surgir en la interpretaci\u00f3n o ejecuci\u00f3n de las presentes condiciones contractuales.<\/p>\n<p><strong>Contenido y uso<\/strong><\/p>\n<p>El Usuario queda informado, y acepta, que el acceso a la presente web no supone, en modo alguno, el inicio de una relaci\u00f3n comercial con www.plaiaundi.eus.<\/p>\n<p>El titular del web no se identifica con las opiniones vertidas en el mismo por sus colaboradores. La Empresa se reserva el derecho de efectuar sin previo aviso las modificaciones que considere oportunas en su Web, pudiendo cambiar, suprimir o a\u00f1adir tanto los contenidos y servicios que se presten a trav\u00e9s de la misma como la forma en la que \u00e9stos aparezcan presentados o localizados en sus servidores.<\/p>\n<p><strong>Propiedad intelectual e industrial<\/strong><\/p>\n<p>Los derechos de propiedad intelectual del contenido de las p\u00e1ginas web, su dise\u00f1o gr\u00e1fico y c\u00f3digos son titularidad de www.plaiaundi.eus y, por tanto, queda prohibida su reproducci\u00f3n, distribuci\u00f3n, comunicaci\u00f3n p\u00fablica, transformaci\u00f3n o cualquier otra actividad que se pueda realizar con los contenidos de sus p\u00e1ginas web ni aun citando las fuentes, salvo consentimiento por escrito de www.plaiaundi.eus. Todos los nombres comerciales, marcas o signos distintos de cualquier clase contenidos en las p\u00e1ginas web de la Empresa son propiedad de sus due\u00f1os y est\u00e1n protegidos por ley.<\/p>\n<p><strong>Enlaces (Links)<\/strong><\/p>\n<p>La presencia de enlaces (links) en las p\u00e1ginas web de www.plaiaundi.eus tiene finalidad meramente informativa y en ning\u00fan caso supone sugerencia, invitaci\u00f3n o recomendaci\u00f3n sobre los mismos.<\/p>\n<p><strong>Confidencialidad y Protecci<\/strong><strong>\u00f3<\/strong><strong>n de Datos<\/strong><\/p>\n<p>A efecto de lo previsto en RGPD de 27 de abril de 2016, www.plaiaundi.eus informa al Usuario de la existencia de un tratamiento automatizado de datos de car\u00e1cter personal creado por y para www.plaiaundi.eus y bajo su responsabilidad, con la finalidad de realizar el mantenimiento y gesti\u00f3n de la relaci\u00f3n con el Usuario, as\u00ed como las labores de informaci\u00f3n. En el momento de la aceptaci\u00f3n de las presentes condiciones generales, www.plaiaundi.eus precisar\u00e1 del Usuario la recogida de unos datos imprescindibles para la prestaci\u00f3n de sus servicios.<\/p>\n<p><strong>Registro de ficheros y formularios<\/strong><\/p>\n<p>La cumplimentaci\u00f3n del formulario de registro es obligatoria para acceder y disfrutar de determinados servicios ofrecidos en la web. El no facilitar los datos personales solicitados o el no aceptar la presente pol\u00edtica de protecci\u00f3n de datos supone la imposibilidad de suscribirse, registrarse o participar en cualquiera de las promociones en las que se soliciten datos car\u00e1cter personal.<\/p>\n<p>A efecto de lo previsto en RGPD de 27 de abril de 2016, le informamos que los datos personales que se obtengan como consecuencia de su registro como Usuario, ser\u00e1n incorporados a un fichero titularidad de www.plaiaundi.eus con NIF S4833001C y domicilio en Pierre Loti 1, IRUN-20301 GIPUZKOA, teniendo implementadas las medidas de seguridad establecidas en el Real Decreto 1720\/2007, de 11 de junio.<\/p>\n<p><strong>Exactitud y veracidad de los datos facilitados<\/strong><\/p>\n<p>El Usuario es el \u00fanico responsable de la veracidad y correcci\u00f3n de los datos incluidos, exoner\u00e1ndose www.plaiaundi.eus de cualquier responsabilidad al respecto. Los usuarios garantizan y responden, en cualquier caso, de la exactitud, vigencia y autenticidad de los datos personales facilitados, y se comprometen a mantenerlos debidamente actualizados. El usuario acepta proporcionar informaci\u00f3n completa y correcta en el formulario de registro o suscripci\u00f3n. www.plaiaundi.eus no responde de la veracidad de las informaciones que no sean de elaboraci\u00f3n propia y de las que se indique otra fuente, por lo que tampoco asume responsabilidad alguna en cuanto a hipot\u00e9ticos perjuicios que pudieran originarse por el uso de dicha informaci\u00f3n.&nbsp; www.plaiaundi.eus se reserva el derecho a actualizar, modificar o eliminar la informaci\u00f3n contenida en sus p\u00e1ginas web pudiendo incluso limitar o no permitir el acceso a dicha informaci\u00f3n. Se exonera a www.plaiaundi.eus de responsabilidad ante cualquier da\u00f1o o perjuicio que pudiera sufrir el Usuario como consecuencia de errores, defectos u omisiones, en la informaci\u00f3n facilitada por www.plaiaundi.eus siempre que proceda de fuentes ajenas a www.plaiaundi.eus.<\/p>\n<p><strong>Cookies<\/strong><\/p>\n<p>El sitio www.plaiaundi.eus no utiliza cookies, considerando tales ficheros f\u00edsicos de informaci\u00f3n alojados en el propio terminal del usuario y sirven para facilitar la navegaci\u00f3n del usuario por el portal. De todas formas, el usuario tiene la posibilidad de configurar el navegador de tal modo que impida la instalaci\u00f3n de estos archivos.<\/p>\n<p><strong>Finalidades<\/strong><\/p>\n<p>Las finalidades de www.plaiaundi.eus son el mantenimiento y gesti\u00f3n de la relaci\u00f3n con el Usuario, as\u00ed como las labores de informaci\u00f3n.<\/p>\n<p><strong>Menos de edad<\/strong><\/p>\n<p>En el supuesto que algunos de nuestros servicios vayan dirigidos espec\u00edficamente a menores de edad, www.plaiaundi.eus solicitar\u00e1 la conformidad de los padres o tutores para la recogida de los datos personales o, en su caso, para el tratamiento automatizado de los datos.<\/p>\n<p><strong>Cesi<\/strong><strong>\u00f3<\/strong><strong>n de datos a terceros<\/strong><\/p>\n<p>www.plaiaundi.eus no realizar\u00e1 cesi\u00f3n de datos de los usuarios a terceros.<\/p>\n<p><strong>Ejercicio de derechos de acceso, rectificaci<\/strong><strong>\u00f3<\/strong><strong>n, cancelaci<\/strong><strong>\u00f3<\/strong><strong>n y oposici<\/strong><strong>\u00f3<\/strong><strong>n<\/strong><\/p>\n<p>Podr\u00e1 dirigir sus comunicaciones y ejercitar los derechos de acceso, rectificaci\u00f3n, supresi\u00f3n, limitaci\u00f3n, portabilidad y oposici\u00f3n en la direcci\u00f3n de Internet a www.plaiaundi.eus o bien por correo ordinario dirigido a www.plaiaundi.eus, Ref. RGPD, en Pierre Loti 1, IRUN-20301 GIPUZKOA. Para ejercer dichos derechos es necesario que usted acredite su personalidad frente a www.plaiaundi.eus mediante el env\u00edo de fotocopia de Documento Nacional de Identidad o cualquier otro medio v\u00e1lido en Derecho. No obstante, la modificaci\u00f3n o rectificaci\u00f3n de sus datos de registro se podr\u00e1 realizar en el propio Site identific\u00e1ndose, previamente, con su usuario y contrase\u00f1a.<\/p>\n<p><strong>Medidas de seguridad<\/strong><\/p>\n<p>www.plaiaundi.eus ha adoptado los niveles de seguridad de protecci\u00f3n de los Datos Personales legalmente requeridos, y procuran instalar aquellos otros medios y medidas t\u00e9cnicas adicionales a su alcance para evitar la p\u00e9rdida, mal uso, alteraci\u00f3n, acceso no autorizado y robo de los Datos Personales facilitados a www.plaiaundi.eus no ser\u00e1 responsable de posibles da\u00f1os o perjuicios que se pudieran derivar de interferencias, omisiones, interrupciones, virus inform\u00e1ticos, aver\u00edas telef\u00f3nicas o desconexiones en el funcionamiento operativo de este sistema electr\u00f3nico, motivadas por causas ajenas a www.plaiaundi.eus; de retrasos o bloqueos en el uso del presente sistema electr\u00f3nico causados por deficiencias o sobrecargas de l\u00edneas telef\u00f3nicas o sobrecargas en el Centro de Procesos de Datos, en el sistema de Internet o en otros sistemas electr\u00f3nicos, as\u00ed como de da\u00f1os que puedan ser causados por terceras personas mediante intromisiones ileg\u00edtimas fuera del control de www.plaiaundi.eus. Ello, no obstante, el Usuario debe ser consciente de que las medidas de seguridad en Internet no son inexpugnables.<\/p>\n<p><strong>Aceptaci<\/strong><strong>\u00f3<\/strong><strong>n y consentimiento<\/strong><\/p>\n<p>El usuario declara haber sido informado de las condiciones sobre protecci\u00f3n de datos personales, aceptando y consintiendo el tratamiento automatizado de los mismos por parte de www.plaiaundi.eus, en la forma y para las finalidades indicadas en la presente Pol\u00edtica de Protecci\u00f3n de Datos Personales. Ciertos servicios prestados en el Portal pueden contener condiciones particulares con previsiones espec\u00edficas en materia de protecci\u00f3n de Datos Personales.<\/p>\t\t\t\t\t\t\t\t<\/div>\n\t\t\t\t<\/div>\n\t\t\t\t\t<\/div>\n\t\t\t\t<\/div>\n\t\t\t\t<\/div>\n\t\t","protected":false},"excerpt":{"rendered":"<p>El presente aviso legal (en adelante, el \u00abAviso Legal\u00bb) regula el uso del servicio del portal de Internet www.plaiaundi.eus (en adelante, el \u00abWeb\u00bb) de CIFP Plaiaundi LHII&nbsp;con domicilio social en Pierre Loti 1, IRUN-20301 GIPUZKOA con NIF S4833001C Legislaci\u00f3n Con car\u00e1cter general las relaciones entre www.plaiaundi.eus con los Usuarios de sus servicios telem\u00e1ticos, presentes en [&hellip;]<\/p>\n","protected":false},"author":3,"featured_media":9685,"parent":0,"menu_order":70,"comment_status":"closed","ping_status":"closed","template":"","meta":{"_uag_custom_page_level_css":"","footnotes":"","_links_to":"","_links_to_target":""},"categories":[53],"tags":[],"class_list":["post-8620","page","type-page","status-publish","has-post-thumbnail","hentry","category-paginas"],"yoast_head":"<!-- This site is optimized with the Yoast SEO plugin v27.3 - https:\/\/yoast.com\/product\/yoast-seo-wordpress\/ -->\n<title>Aviso Legal - CIFP Plaiaundi LHII<\/title>\n<meta name=\"robots\" content=\"index, follow, max-snippet:-1, max-image-preview:large, max-video-preview:-1\" \/>\n<link rel=\"canonical\" href=\"https:\/\/www.plaiaundi.eus\/es\/aviso-legal\/\" \/>\n<meta property=\"og:locale\" content=\"es_ES\" \/>\n<meta property=\"og:type\" content=\"article\" \/>\n<meta property=\"og:title\" content=\"Aviso Legal - CIFP Plaiaundi LHII\" \/>\n<meta property=\"og:description\" content=\"El presente aviso legal (en adelante, el \u00abAviso Legal\u00bb) regula el uso del servicio del portal de Internet www.plaiaundi.eus (en adelante, el \u00abWeb\u00bb) de CIFP Plaiaundi LHII&nbsp;con domicilio social en Pierre Loti 1, IRUN-20301 GIPUZKOA con NIF S4833001C Legislaci\u00f3n Con car\u00e1cter general las relaciones entre www.plaiaundi.eus con los Usuarios de sus servicios telem\u00e1ticos, presentes en [&hellip;]\" \/>\n<meta property=\"og:url\" content=\"https:\/\/www.plaiaundi.eus\/es\/aviso-legal\/\" \/>\n<meta property=\"og:site_name\" content=\"CIFP Plaiaundi LHII\" \/>\n<meta property=\"article:modified_time\" content=\"2024-04-24T10:31:03+00:00\" \/>\n<meta property=\"og:image\" content=\"https:\/\/www.plaiaundi.eus\/wp-content\/uploads\/2023\/12\/aviso-legal-web.jpg\" \/>\n\t<meta property=\"og:image:width\" content=\"1000\" \/>\n\t<meta property=\"og:image:height\" content=\"600\" \/>\n\t<meta property=\"og:image:type\" content=\"image\/jpeg\" \/>\n<meta name=\"twitter:card\" content=\"summary_large_image\" \/>\n<meta name=\"twitter:label1\" content=\"Tiempo de lectura\" \/>\n\t<meta name=\"twitter:data1\" content=\"6 minutos\" \/>\n<script type=\"application\/ld+json\" class=\"yoast-schema-graph\">{\"@context\":\"https:\\\/\\\/schema.org\",\"@graph\":[{\"@type\":\"WebPage\",\"@id\":\"https:\\\/\\\/www.plaiaundi.eus\\\/es\\\/aviso-legal\\\/\",\"url\":\"https:\\\/\\\/www.plaiaundi.eus\\\/es\\\/aviso-legal\\\/\",\"name\":\"Aviso Legal - CIFP Plaiaundi LHII\",\"isPartOf\":{\"@id\":\"https:\\\/\\\/www.plaiaundi.eus\\\/#website\"},\"primaryImageOfPage\":{\"@id\":\"https:\\\/\\\/www.plaiaundi.eus\\\/es\\\/aviso-legal\\\/#primaryimage\"},\"image\":{\"@id\":\"https:\\\/\\\/www.plaiaundi.eus\\\/es\\\/aviso-legal\\\/#primaryimage\"},\"thumbnailUrl\":\"https:\\\/\\\/www.plaiaundi.eus\\\/wp-content\\\/uploads\\\/2023\\\/12\\\/aviso-legal-web.jpg\",\"datePublished\":\"2023-12-07T21:51:43+00:00\",\"dateModified\":\"2024-04-24T10:31:03+00:00\",\"breadcrumb\":{\"@id\":\"https:\\\/\\\/www.plaiaundi.eus\\\/es\\\/aviso-legal\\\/#breadcrumb\"},\"inLanguage\":\"es\",\"potentialAction\":[{\"@type\":\"ReadAction\",\"target\":[\"https:\\\/\\\/www.plaiaundi.eus\\\/es\\\/aviso-legal\\\/\"]}]},{\"@type\":\"ImageObject\",\"inLanguage\":\"es\",\"@id\":\"https:\\\/\\\/www.plaiaundi.eus\\\/es\\\/aviso-legal\\\/#primaryimage\",\"url\":\"https:\\\/\\\/www.plaiaundi.eus\\\/wp-content\\\/uploads\\\/2023\\\/12\\\/aviso-legal-web.jpg\",\"contentUrl\":\"https:\\\/\\\/www.plaiaundi.eus\\\/wp-content\\\/uploads\\\/2023\\\/12\\\/aviso-legal-web.jpg\",\"width\":1000,\"height\":600},{\"@type\":\"BreadcrumbList\",\"@id\":\"https:\\\/\\\/www.plaiaundi.eus\\\/es\\\/aviso-legal\\\/#breadcrumb\",\"itemListElement\":[{\"@type\":\"ListItem\",\"position\":1,\"name\":\"Plaiaundi\",\"item\":\"https:\\\/\\\/www.plaiaundi.eus\\\/\"},{\"@type\":\"ListItem\",\"position\":2,\"name\":\"Aviso Legal\"}]},{\"@type\":\"WebSite\",\"@id\":\"https:\\\/\\\/www.plaiaundi.eus\\\/#website\",\"url\":\"https:\\\/\\\/www.plaiaundi.eus\\\/\",\"name\":\"CIFP Plaiaundi LHII\",\"description\":\"\",\"publisher\":{\"@id\":\"https:\\\/\\\/www.plaiaundi.eus\\\/#organization\"},\"potentialAction\":[{\"@type\":\"SearchAction\",\"target\":{\"@type\":\"EntryPoint\",\"urlTemplate\":\"https:\\\/\\\/www.plaiaundi.eus\\\/?s={search_term_string}\"},\"query-input\":{\"@type\":\"PropertyValueSpecification\",\"valueRequired\":true,\"valueName\":\"search_term_string\"}}],\"inLanguage\":\"es\"},{\"@type\":\"Organization\",\"@id\":\"https:\\\/\\\/www.plaiaundi.eus\\\/#organization\",\"name\":\"CIFP Plaiaundi LHII\",\"url\":\"https:\\\/\\\/www.plaiaundi.eus\\\/\",\"logo\":{\"@type\":\"ImageObject\",\"inLanguage\":\"es\",\"@id\":\"https:\\\/\\\/www.plaiaundi.eus\\\/#\\\/schema\\\/logo\\\/image\\\/\",\"url\":\"https:\\\/\\\/www.plaiaundi.eus\\\/wp-content\\\/uploads\\\/2023\\\/09\\\/cropped-Logo50.png\",\"contentUrl\":\"https:\\\/\\\/www.plaiaundi.eus\\\/wp-content\\\/uploads\\\/2023\\\/09\\\/cropped-Logo50.png\",\"width\":512,\"height\":512,\"caption\":\"CIFP Plaiaundi LHII\"},\"image\":{\"@id\":\"https:\\\/\\\/www.plaiaundi.eus\\\/#\\\/schema\\\/logo\\\/image\\\/\"}}]}<\/script>\n<!-- \/ Yoast SEO plugin. -->","yoast_head_json":{"title":"Aviso Legal - CIFP Plaiaundi LHII","robots":{"index":"index","follow":"follow","max-snippet":"max-snippet:-1","max-image-preview":"max-image-preview:large","max-video-preview":"max-video-preview:-1"},"canonical":"https:\/\/www.plaiaundi.eus\/es\/aviso-legal\/","og_locale":"es_ES","og_type":"article","og_title":"Aviso Legal - CIFP Plaiaundi LHII","og_description":"El presente aviso legal (en adelante, el \u00abAviso Legal\u00bb) regula el uso del servicio del portal de Internet www.plaiaundi.eus (en adelante, el \u00abWeb\u00bb) de CIFP Plaiaundi LHII&nbsp;con domicilio social en Pierre Loti 1, IRUN-20301 GIPUZKOA con NIF S4833001C Legislaci\u00f3n Con car\u00e1cter general las relaciones entre www.plaiaundi.eus con los Usuarios de sus servicios telem\u00e1ticos, presentes en [&hellip;]","og_url":"https:\/\/www.plaiaundi.eus\/es\/aviso-legal\/","og_site_name":"CIFP Plaiaundi LHII","article_modified_time":"2024-04-24T10:31:03+00:00","og_image":[{"width":1000,"height":600,"url":"https:\/\/www.plaiaundi.eus\/wp-content\/uploads\/2023\/12\/aviso-legal-web.jpg","type":"image\/jpeg"}],"twitter_card":"summary_large_image","twitter_misc":{"Tiempo de lectura":"6 minutos"},"schema":{"@context":"https:\/\/schema.org","@graph":[{"@type":"WebPage","@id":"https:\/\/www.plaiaundi.eus\/es\/aviso-legal\/","url":"https:\/\/www.plaiaundi.eus\/es\/aviso-legal\/","name":"Aviso Legal - CIFP Plaiaundi LHII","isPartOf":{"@id":"https:\/\/www.plaiaundi.eus\/#website"},"primaryImageOfPage":{"@id":"https:\/\/www.plaiaundi.eus\/es\/aviso-legal\/#primaryimage"},"image":{"@id":"https:\/\/www.plaiaundi.eus\/es\/aviso-legal\/#primaryimage"},"thumbnailUrl":"https:\/\/www.plaiaundi.eus\/wp-content\/uploads\/2023\/12\/aviso-legal-web.jpg","datePublished":"2023-12-07T21:51:43+00:00","dateModified":"2024-04-24T10:31:03+00:00","breadcrumb":{"@id":"https:\/\/www.plaiaundi.eus\/es\/aviso-legal\/#breadcrumb"},"inLanguage":"es","potentialAction":[{"@type":"ReadAction","target":["https:\/\/www.plaiaundi.eus\/es\/aviso-legal\/"]}]},{"@type":"ImageObject","inLanguage":"es","@id":"https:\/\/www.plaiaundi.eus\/es\/aviso-legal\/#primaryimage","url":"https:\/\/www.plaiaundi.eus\/wp-content\/uploads\/2023\/12\/aviso-legal-web.jpg","contentUrl":"https:\/\/www.plaiaundi.eus\/wp-content\/uploads\/2023\/12\/aviso-legal-web.jpg","width":1000,"height":600},{"@type":"BreadcrumbList","@id":"https:\/\/www.plaiaundi.eus\/es\/aviso-legal\/#breadcrumb","itemListElement":[{"@type":"ListItem","position":1,"name":"Plaiaundi","item":"https:\/\/www.plaiaundi.eus\/"},{"@type":"ListItem","position":2,"name":"Aviso Legal"}]},{"@type":"WebSite","@id":"https:\/\/www.plaiaundi.eus\/#website","url":"https:\/\/www.plaiaundi.eus\/","name":"CIFP Plaiaundi LHII","description":"","publisher":{"@id":"https:\/\/www.plaiaundi.eus\/#organization"},"potentialAction":[{"@type":"SearchAction","target":{"@type":"EntryPoint","urlTemplate":"https:\/\/www.plaiaundi.eus\/?s={search_term_string}"},"query-input":{"@type":"PropertyValueSpecification","valueRequired":true,"valueName":"search_term_string"}}],"inLanguage":"es"},{"@type":"Organization","@id":"https:\/\/www.plaiaundi.eus\/#organization","name":"CIFP Plaiaundi LHII","url":"https:\/\/www.plaiaundi.eus\/","logo":{"@type":"ImageObject","inLanguage":"es","@id":"https:\/\/www.plaiaundi.eus\/#\/schema\/logo\/image\/","url":"https:\/\/www.plaiaundi.eus\/wp-content\/uploads\/2023\/09\/cropped-Logo50.png","contentUrl":"https:\/\/www.plaiaundi.eus\/wp-content\/uploads\/2023\/09\/cropped-Logo50.png","width":512,"height":512,"caption":"CIFP Plaiaundi LHII"},"image":{"@id":"https:\/\/www.plaiaundi.eus\/#\/schema\/logo\/image\/"}}]}},"uagb_featured_image_src":{"full":["https:\/\/www.plaiaundi.eus\/wp-content\/uploads\/2023\/12\/aviso-legal-web.jpg",1000,600,false],"thumbnail":["https:\/\/www.plaiaundi.eus\/wp-content\/uploads\/2023\/12\/aviso-legal-web-150x150.jpg",150,150,true],"medium":["https:\/\/www.plaiaundi.eus\/wp-content\/uploads\/2023\/12\/aviso-legal-web-300x180.jpg",300,180,true],"medium_large":["https:\/\/www.plaiaundi.eus\/wp-content\/uploads\/2023\/12\/aviso-legal-web-768x461.jpg",768,461,true],"large":["https:\/\/www.plaiaundi.eus\/wp-content\/uploads\/2023\/12\/aviso-legal-web.jpg",800,480,false],"1536x1536":["https:\/\/www.plaiaundi.eus\/wp-content\/uploads\/2023\/12\/aviso-legal-web.jpg",1000,600,false],"2048x2048":["https:\/\/www.plaiaundi.eus\/wp-content\/uploads\/2023\/12\/aviso-legal-web.jpg",1000,600,false]},"uagb_author_info":{"display_name":"bidemedia","author_link":"https:\/\/www.plaiaundi.eus\/es\/author\/bidemedia\/"},"uagb_comment_info":0,"uagb_excerpt":"El presente aviso legal (en adelante, el \u00abAviso Legal\u00bb) regula el uso del servicio del portal de Internet www.plaiaundi.eus (en adelante, el \u00abWeb\u00bb) de CIFP Plaiaundi LHII&nbsp;con domicilio social en Pierre Loti 1, IRUN-20301 GIPUZKOA con NIF S4833001C Legislaci\u00f3n Con car\u00e1cter general las relaciones entre www.plaiaundi.eus con los Usuarios de sus servicios telem\u00e1ticos, presentes en&hellip;","_links":{"self":[{"href":"https:\/\/www.plaiaundi.eus\/es\/wp-json\/wp\/v2\/pages\/8620","targetHints":{"allow":["GET"]}}],"collection":[{"href":"https:\/\/www.plaiaundi.eus\/es\/wp-json\/wp\/v2\/pages"}],"about":[{"href":"https:\/\/www.plaiaundi.eus\/es\/wp-json\/wp\/v2\/types\/page"}],"author":[{"embeddable":true,"href":"https:\/\/www.plaiaundi.eus\/es\/wp-json\/wp\/v2\/users\/3"}],"replies":[{"embeddable":true,"href":"https:\/\/www.plaiaundi.eus\/es\/wp-json\/wp\/v2\/comments?post=8620"}],"version-history":[{"count":1,"href":"https:\/\/www.plaiaundi.eus\/es\/wp-json\/wp\/v2\/pages\/8620\/revisions"}],"predecessor-version":[{"id":13879,"href":"https:\/\/www.plaiaundi.eus\/es\/wp-json\/wp\/v2\/pages\/8620\/revisions\/13879"}],"wp:featuredmedia":[{"embeddable":true,"href":"https:\/\/www.plaiaundi.eus\/es\/wp-json\/wp\/v2\/media\/9685"}],"wp:attachment":[{"href":"https:\/\/www.plaiaundi.eus\/es\/wp-json\/wp\/v2\/media?parent=8620"}],"wp:term":[{"taxonomy":"category","embeddable":true,"href":"https:\/\/www.plaiaundi.eus\/es\/wp-json\/wp\/v2\/categories?post=8620"},{"taxonomy":"post_tag","embeddable":true,"href":"https:\/\/www.plaiaundi.eus\/es\/wp-json\/wp\/v2\/tags?post=8620"}],"curies":[{"name":"wp","href":"https:\/\/api.w.org\/{rel}","templated":true}]}}